{"id":181,"date":"2021-11-21T12:33:06","date_gmt":"2021-11-21T11:33:06","guid":{"rendered":"https:\/\/davidteachesenglish.es\/?page_id=181"},"modified":"2022-11-03T08:46:01","modified_gmt":"2022-11-03T07:46:01","slug":"pricing","status":"publish","type":"page","link":"https:\/\/davidteachesenglish.es\/es\/pricing\/","title":{"rendered":"Precios"},"content":{"rendered":"<div data-elementor-type=\"wp-page\" data-elementor-id=\"181\" class=\"elementor elementor-181\" data-elementor-post-type=\"page\">\n\t\t\t\t\t\t<section class=\"elementor-section elementor-top-section elementor-element elementor-element-95daa53 elementor-section-boxed elementor-section-height-default elementor-section-height-default\" data-id=\"95daa53\" data-element_type=\"section\" data-e-type=\"section\">\n\t\t\t\t\t\t<div class=\"elementor-container elementor-column-gap-default\">\n\t\t\t\t\t<div class=\"elementor-column elementor-col-100 elementor-top-column elementor-element elementor-element-08aae38\" data-id=\"08aae38\" data-element_type=\"column\" data-e-type=\"column\">\n\t\t\t<div class=\"elementor-widget-wrap elementor-element-populated\">\n\t\t\t\t\t\t<div class=\"elementor-element elementor-element-46b9099 elementor-widget elementor-widget-heading\" data-id=\"46b9099\" data-element_type=\"widget\" data-e-type=\"widget\" data-widget_type=\"heading.default\">\n\t\t\t\t<div class=\"elementor-widget-container\">\n\t\t\t\t\t<h2 class=\"elementor-heading-title elementor-size-default\">Clases de una hora<\/h2>\t\t\t\t<\/div>\n\t\t\t\t<\/div>\n\t\t\t\t<div class=\"elementor-element elementor-element-1f35930 elementor-widget elementor-widget-themo-pricing\" data-id=\"1f35930\" data-element_type=\"widget\" data-e-type=\"widget\" data-widget_type=\"themo-pricing.default\">\n\t\t\t\t<div class=\"elementor-widget-container\">\n\t\t\t\t\t\n\t\t<div class=\"th-pricing-table th-three-col\">\n\n\t\t\t<div class=\"row\">\n\n\t\t\t\t\n                    \n                    <div class=\"elementor-repeater-item-a005376 th-pricing-column col-md-4 col-sm-6\">\n\n\t                    \t\t\t\t\t\t\t<div class=\"th-pricing-title\">1 clase de ingl\u00e9s<\/div>\n\t                    \n\t                    \t                        <div class=\"th-pricing-sub-title\">Pago por clase<\/div>\n\t                    \n\t                    \t                        <div class=\"th-pricing-cost\">\n\t                            $40<span>\/clase<\/span>\n\t                        <\/div>\n\t                    \n\t                    \t\t\t\t\t\t\t<div class=\"th-pricing-features\">\n\t\t\t\t\t\t\t\t<ul>\n\t\t\t\t\t\t\t\t\t<li>40\u20ac por clase<\/li>\n<li>Clase de 60 minutos<\/li>\t\t\t\t\t\t\t\t<\/ul>\n\t\t\t\t\t\t\t<\/div>\n\t                    \n\n                        \n                        <div class=\"th-btn-wrap\">\n\t\t\t\t\t\t\t\t                            \n                                                                            <a class=\"btn-1 btn th-btn btn-ghost-primary\" href=\"https:\/\/buy.stripe.com\/4gw9Bu4SjbfjbAs9AF\">\n                                                                                            Pagar con tarjeta                                                                                    <\/a>\n                                    \t                            \t                                                                                                        <a class=\"btn-1 btn th-btn btn-ghost-primary\" href=\"https:\/\/davidteachesenglish.es\/es\/transfer1-2\/\">\n                                                                                            Transferencia bancaria                                                                                    <\/a>\n                                    \t                            \t\t\t\t\t\t\t                        <\/div>\n\n\t\t\t\t\t<\/div>\n\n\t\t\t\t\n                    \n                    <div class=\"elementor-repeater-item-292f1f7 th-pricing-column th-highlight col-md-4 col-sm-6\">\n\n\t                    \t\t\t\t\t\t\t<div class=\"th-pricing-title\">4 clases de ingl\u00e9s <\/div>\n\t                    \n\t                    \t                        <div class=\"th-pricing-sub-title\">Paquete<\/div>\n\t                    \n\t                    \t                        <div class=\"th-pricing-cost\">\n\t                            $37<span>\/clase<\/span>\n\t                        <\/div>\n\t                    \n\t                    \t\t\t\t\t\t\t<div class=\"th-pricing-features\">\n\t\t\t\t\t\t\t\t<ul>\n\t\t\t\t\t\t\t\t\t<li>37\u20ac por clase <\/li>\n<li>Clases de 60 minutos<\/li>\n<li>Una vez a la semana<\/li>\n<li>$150 \/ 150\u20ac total<\/li>\t\t\t\t\t\t\t\t<\/ul>\n\t\t\t\t\t\t\t<\/div>\n\t                    \n\n                        \n                        <div class=\"th-btn-wrap\">\n\t\t\t\t\t\t\t\t                            \n                                                                            <a class=\"btn-1 btn th-btn btn-ghost-light\" href=\"https:\/\/buy.stripe.com\/eVa5leckL97b9skeV0\">\n                                                                                            Pagar con tarjeta                                                                                    <\/a>\n                                    \t                            \t                                                                                                        <a class=\"btn-1 btn th-btn btn-ghost-light\" href=\"https:\/\/davidteachesenglish.es\/es\/transfer2-2\/\">\n                                                                                            Transferencia bancaria                                                                                    <\/a>\n                                    \t                            \t\t\t\t\t\t\t                        <\/div>\n\n\t\t\t\t\t<\/div>\n\n\t\t\t\t\n                    \n                    <div class=\"elementor-repeater-item-3db20aa th-pricing-column col-md-4 col-sm-6\">\n\n\t                    \t\t\t\t\t\t\t<div class=\"th-pricing-title\">8 Clases de ingl\u00e9s<\/div>\n\t                    \n\t                    \t                        <div class=\"th-pricing-sub-title\">Paquete<\/div>\n\t                    \n\t                    \t                        <div class=\"th-pricing-cost\">\n\t                            $35<span>\/clase<\/span>\n\t                        <\/div>\n\t                    \n\t                    \t\t\t\t\t\t\t<div class=\"th-pricing-features\">\n\t\t\t\t\t\t\t\t<ul>\n\t\t\t\t\t\t\t\t\t<li>35\u20ac por clase<\/li>\n<li>Clases de 60 minutos<\/li>\n<li>Dos veces por semana<\/li>\n<li>$280 \/ 280\u20ac total<\/li>\t\t\t\t\t\t\t\t<\/ul>\n\t\t\t\t\t\t\t<\/div>\n\t                    \n\n                        \n                        <div class=\"th-btn-wrap\">\n\t\t\t\t\t\t\t\t                            \n                                                                            <a class=\"btn-1 btn th-btn btn-ghost-primary\" href=\"https:\/\/buy.stripe.com\/14k14Y98z2INeME4gn\">\n                                                                                            Pagar con tarjeta                                                                                    <\/a>\n                                    \t                            \t                                                                                                        <a class=\"btn-1 btn th-btn btn-ghost-primary\" href=\"https:\/\/davidteachesenglish.es\/es\/transfer3-2\/\">\n                                                                                            Transferencia bancaria                                                                                    <\/a>\n                                    \t                            \t\t\t\t\t\t\t                        <\/div>\n\n\t\t\t\t\t<\/div>\n\n\t\t\t\t\n\t\t\t<\/div>\n\n\t\t<\/div>\n\n\t\t\t\t\t\t<\/div>\n\t\t\t\t<\/div>\n\t\t\t\t\t<\/div>\n\t\t<\/div>\n\t\t\t\t\t<\/div>\n\t\t<\/section>\n\t\t\t\t<section class=\"elementor-section elementor-top-section elementor-element elementor-element-3ffabad elementor-section-boxed elementor-section-height-default elementor-section-height-default\" data-id=\"3ffabad\" data-element_type=\"section\" data-e-type=\"section\">\n\t\t\t\t\t\t<div class=\"elementor-container elementor-column-gap-default\">\n\t\t\t\t\t<div class=\"elementor-column elementor-col-100 elementor-top-column elementor-element elementor-element-64d3122\" data-id=\"64d3122\" data-element_type=\"column\" data-e-type=\"column\">\n\t\t\t<div class=\"elementor-widget-wrap elementor-element-populated\">\n\t\t\t\t\t\t<div class=\"elementor-element elementor-element-eda36f6 elementor-widget-divider--view-line elementor-widget elementor-widget-divider\" data-id=\"eda36f6\" data-element_type=\"widget\" data-e-type=\"widget\" data-widget_type=\"divider.default\">\n\t\t\t\t<div class=\"elementor-widget-container\">\n\t\t\t\t\t\t\t<div class=\"elementor-divider\">\n\t\t\t<span class=\"elementor-divider-separator\">\n\t\t\t\t\t\t<\/span>\n\t\t<\/div>\n\t\t\t\t\t\t<\/div>\n\t\t\t\t<\/div>\n\t\t\t\t<div class=\"elementor-element elementor-element-fdb472e elementor-widget elementor-widget-text-editor\" data-id=\"fdb472e\" data-element_type=\"widget\" data-e-type=\"widget\" data-widget_type=\"text-editor.default\">\n\t\t\t\t<div class=\"elementor-widget-container\">\n\t\t\t\t\t\t\t\t\t<p><strong>Pol\u00edtica de reembolso<\/strong><br>Los pagos son definitivos. No se reembolsar\u00e1n las clases adquiridas.<\/p>\n<p><strong>Pol\u00edtica de expiraci\u00f3n<\/strong><br>Las clases deben programarse y tener lugar en los 12 meses siguientes a la compra. Transcurridos 12 meses, las clases caducan.&nbsp;<\/p>\n<p><strong>Contacto<\/strong><br>Si tiene alguna pregunta, duda o queja en relaci\u00f3n con estas pol\u00edticas, le animo a que <a href=\"https:\/\/davidteachesenglish.es\/es\/contact\/\" target=\"_blank\" rel=\"noopener\">cont\u00e1cteme aqu\u00ed<\/a>.<\/p>\n<p>Este documento se actualiz\u00f3 por \u00faltima vez el 8 de octubre de 2022<\/p>\t\t\t\t\t\t\t\t<\/div>\n\t\t\t\t<\/div>\n\t\t\t\t\t<\/div>\n\t\t<\/div>\n\t\t\t\t\t<\/div>\n\t\t<\/section>\n\t\t\t\t<\/div>","protected":false},"excerpt":{"rendered":"<p>Clases de una hora 1 clase de ingl\u00e9s Paga por clase $40\/clase 40\u20ac por clase 60 minutos Paga con tarjeta Transferencia bancaria Pack de 4 clases de ingl\u00e9s $37\/clase 37\u20ac por clase 60 minutos Una vez a la semana $150 \/ 150\u20ac total Paga ... <a href=\"https:\/\/davidteachesenglish.es\/es\/pricing\/\">Seguir leyendo<\/a><\/p>","protected":false},"author":2,"featured_media":0,"parent":0,"menu_order":0,"comment_status":"closed","ping_status":"closed","template":"","meta":{"footnotes":""},"class_list":["post-181","page","type-page","status-publish","hentry"],"yoast_head":"<!-- This site is optimized with the Yoast SEO plugin v27.2 - https:\/\/yoast.com\/product\/yoast-seo-wordpress\/ -->\n<title>Pricing - David Teaches English<\/title>\n<meta name=\"robots\" content=\"index, follow, max-snippet:-1, max-image-preview:large, max-video-preview:-1\" \/>\n<link rel=\"canonical\" href=\"https:\/\/davidteachesenglish.es\/es\/pricing\/\" \/>\n<meta property=\"og:locale\" content=\"es_ES\" \/>\n<meta property=\"og:type\" content=\"article\" \/>\n<meta property=\"og:title\" content=\"Pricing - David Teaches English\" \/>\n<meta property=\"og:description\" content=\"One Hour Classes 1 English Class Pay per class $40\/class 40\u20ac per class 60 minute class Pay by Card Bank Transfer 4 English Classes Pack $37\/class 37\u20ac per class 60 minute classes Once a week $150 \/ 150\u20ac total Pay &hellip; Read More\" \/>\n<meta property=\"og:url\" content=\"https:\/\/davidteachesenglish.es\/es\/pricing\/\" \/>\n<meta property=\"og:site_name\" content=\"David Teaches English\" \/>\n<meta property=\"article:modified_time\" content=\"2022-11-03T07:46:01+00:00\" \/>\n<meta name=\"twitter:card\" content=\"summary_large_image\" \/>\n<meta name=\"twitter:label1\" content=\"Tiempo de lectura\" \/>\n\t<meta name=\"twitter:data1\" content=\"1 minuto\" \/>\n<script type=\"application\/ld+json\" class=\"yoast-schema-graph\">{\"@context\":\"https:\/\/schema.org\",\"@graph\":[{\"@type\":\"WebPage\",\"@id\":\"https:\/\/davidteachesenglish.es\/pricing\/\",\"url\":\"https:\/\/davidteachesenglish.es\/pricing\/\",\"name\":\"Pricing - David Teaches English\",\"isPartOf\":{\"@id\":\"https:\/\/davidteachesenglish.es\/#website\"},\"datePublished\":\"2021-11-21T11:33:06+00:00\",\"dateModified\":\"2022-11-03T07:46:01+00:00\",\"breadcrumb\":{\"@id\":\"https:\/\/davidteachesenglish.es\/pricing\/#breadcrumb\"},\"inLanguage\":\"es\",\"potentialAction\":[{\"@type\":\"ReadAction\",\"target\":[\"https:\/\/davidteachesenglish.es\/pricing\/\"]}]},{\"@type\":\"BreadcrumbList\",\"@id\":\"https:\/\/davidteachesenglish.es\/pricing\/#breadcrumb\",\"itemListElement\":[{\"@type\":\"ListItem\",\"position\":1,\"name\":\"Home\",\"item\":\"https:\/\/davidteachesenglish.es\/\"},{\"@type\":\"ListItem\",\"position\":2,\"name\":\"Pricing\"}]},{\"@type\":\"WebSite\",\"@id\":\"https:\/\/davidteachesenglish.es\/#website\",\"url\":\"https:\/\/davidteachesenglish.es\/\",\"name\":\"David Teaches English\",\"description\":\"Learn and improve your English online\",\"potentialAction\":[{\"@type\":\"SearchAction\",\"target\":{\"@type\":\"EntryPoint\",\"urlTemplate\":\"https:\/\/davidteachesenglish.es\/?s={search_term_string}\"},\"query-input\":{\"@type\":\"PropertyValueSpecification\",\"valueRequired\":true,\"valueName\":\"search_term_string\"}}],\"inLanguage\":\"es\"}]}<\/script>\n<!-- \/ Yoast SEO plugin. -->","yoast_head_json":{"title":"Precios - David Teaches English","robots":{"index":"index","follow":"follow","max-snippet":"max-snippet:-1","max-image-preview":"max-image-preview:large","max-video-preview":"max-video-preview:-1"},"canonical":"https:\/\/davidteachesenglish.es\/es\/pricing\/","og_locale":"es_ES","og_type":"article","og_title":"Pricing - David Teaches English","og_description":"One Hour Classes 1 English Class Pay per class $40\/class 40\u20ac per class 60 minute class Pay by Card Bank Transfer 4 English Classes Pack $37\/class 37\u20ac per class 60 minute classes Once a week $150 \/ 150\u20ac total Pay &hellip; Read More","og_url":"https:\/\/davidteachesenglish.es\/es\/pricing\/","og_site_name":"David Teaches English","article_modified_time":"2022-11-03T07:46:01+00:00","twitter_card":"summary_large_image","twitter_misc":{"Tiempo de lectura":"1 minuto"},"schema":{"@context":"https:\/\/schema.org","@graph":[{"@type":"WebPage","@id":"https:\/\/davidteachesenglish.es\/pricing\/","url":"https:\/\/davidteachesenglish.es\/pricing\/","name":"Precios - David Teaches English","isPartOf":{"@id":"https:\/\/davidteachesenglish.es\/#website"},"datePublished":"2021-11-21T11:33:06+00:00","dateModified":"2022-11-03T07:46:01+00:00","breadcrumb":{"@id":"https:\/\/davidteachesenglish.es\/pricing\/#breadcrumb"},"inLanguage":"es","potentialAction":[{"@type":"ReadAction","target":["https:\/\/davidteachesenglish.es\/pricing\/"]}]},{"@type":"BreadcrumbList","@id":"https:\/\/davidteachesenglish.es\/pricing\/#breadcrumb","itemListElement":[{"@type":"ListItem","position":1,"name":"Home","item":"https:\/\/davidteachesenglish.es\/"},{"@type":"ListItem","position":2,"name":"Pricing"}]},{"@type":"WebSite","@id":"https:\/\/davidteachesenglish.es\/#website","url":"https:\/\/davidteachesenglish.es\/","name":"David ense\u00f1a ingl\u00e9s","description":"Aprenda y mejore su ingl\u00e9s en l\u00ednea","potentialAction":[{"@type":"SearchAction","target":{"@type":"EntryPoint","urlTemplate":"https:\/\/davidteachesenglish.es\/?s={search_term_string}"},"query-input":{"@type":"PropertyValueSpecification","valueRequired":true,"valueName":"search_term_string"}}],"inLanguage":"es"}]}},"_links":{"self":[{"href":"https:\/\/davidteachesenglish.es\/es\/wp-json\/wp\/v2\/pages\/181","targetHints":{"allow":["GET"]}}],"collection":[{"href":"https:\/\/davidteachesenglish.es\/es\/wp-json\/wp\/v2\/pages"}],"about":[{"href":"https:\/\/davidteachesenglish.es\/es\/wp-json\/wp\/v2\/types\/page"}],"author":[{"embeddable":true,"href":"https:\/\/davidteachesenglish.es\/es\/wp-json\/wp\/v2\/users\/2"}],"replies":[{"embeddable":true,"href":"https:\/\/davidteachesenglish.es\/es\/wp-json\/wp\/v2\/comments?post=181"}],"version-history":[{"count":5,"href":"https:\/\/davidteachesenglish.es\/es\/wp-json\/wp\/v2\/pages\/181\/revisions"}],"predecessor-version":[{"id":985,"href":"https:\/\/davidteachesenglish.es\/es\/wp-json\/wp\/v2\/pages\/181\/revisions\/985"}],"wp:attachment":[{"href":"https:\/\/davidteachesenglish.es\/es\/wp-json\/wp\/v2\/media?parent=181"}],"curies":[{"name":"wp","href":"https:\/\/api.w.org\/{rel}","templated":true}]}}