{"id":310,"date":"2021-11-22T21:55:03","date_gmt":"2021-11-22T20:55:03","guid":{"rendered":"https:\/\/davidteachesenglish.es\/?page_id=310"},"modified":"2023-07-31T13:13:38","modified_gmt":"2023-07-31T11:13:38","slug":"book-lesson","status":"publish","type":"page","link":"https:\/\/davidteachesenglish.es\/es\/book-lesson\/","title":{"rendered":"Lecci\u00f3n de libro"},"content":{"rendered":"<div data-elementor-type=\"wp-page\" data-elementor-id=\"310\" class=\"elementor elementor-310\" data-elementor-post-type=\"page\">\n\t\t\t\t\t\t<section class=\"elementor-section elementor-top-section elementor-element elementor-element-5f64005 elementor-section-boxed elementor-section-height-default elementor-section-height-default\" data-id=\"5f64005\" data-element_type=\"section\" data-e-type=\"section\">\n\t\t\t\t\t\t<div class=\"elementor-container elementor-column-gap-default\">\n\t\t\t\t\t<div class=\"elementor-column elementor-col-100 elementor-top-column elementor-element elementor-element-7651367\" data-id=\"7651367\" data-element_type=\"column\" data-e-type=\"column\">\n\t\t\t<div class=\"elementor-widget-wrap elementor-element-populated\">\n\t\t\t\t\t\t<div class=\"elementor-element elementor-element-d9bd2be elementor-widget elementor-widget-heading\" data-id=\"d9bd2be\" data-element_type=\"widget\" data-e-type=\"widget\" data-widget_type=\"heading.default\">\n\t\t\t\t<div class=\"elementor-widget-container\">\n\t\t\t\t\t<h2 class=\"elementor-heading-title elementor-size-default\">Calendario<\/h2>\t\t\t\t<\/div>\n\t\t\t\t<\/div>\n\t\t\t\t\t<\/div>\n\t\t<\/div>\n\t\t\t\t\t<\/div>\n\t\t<\/section>\n\t\t\t\t<section class=\"elementor-section elementor-top-section elementor-element elementor-element-ae7fda0 elementor-section-boxed elementor-section-height-default elementor-section-height-default\" data-id=\"ae7fda0\" data-element_type=\"section\" data-e-type=\"section\">\n\t\t\t\t\t\t<div class=\"elementor-container elementor-column-gap-default\">\n\t\t\t\t\t<div class=\"elementor-column elementor-col-100 elementor-top-column elementor-element elementor-element-5452a24\" data-id=\"5452a24\" data-element_type=\"column\" data-e-type=\"column\">\n\t\t\t<div class=\"elementor-widget-wrap elementor-element-populated\">\n\t\t\t\t\t\t<div class=\"elementor-element elementor-element-933e38d elementor-widget elementor-widget-text-editor\" data-id=\"933e38d\" data-element_type=\"widget\" data-e-type=\"widget\" data-widget_type=\"text-editor.default\">\n\t\t\t\t<div class=\"elementor-widget-container\">\n\t\t\t\t\t\t\t\t\t<p style=\"font-size: 16px; font-family: 'Open Sans'; font-weight: 400; color: #383838; font-style: normal;\">Para su comodidad, le facilito la reserva en l\u00ednea. Para reservar una clase, seleccione una hora a continuaci\u00f3n. Si a\u00fan no ha pagado, puede pagar directamente en l\u00ednea despu\u00e9s de hacer la reserva.<\/p><ul>\n<\/ul>\t\t\t\t\t\t\t\t<\/div>\n\t\t\t\t<\/div>\n\t\t\t\t\t<\/div>\n\t\t<\/div>\n\t\t\t\t\t<\/div>\n\t\t<\/section>\n\t\t\t\t<section class=\"elementor-section elementor-top-section elementor-element elementor-element-0711e5b elementor-section-boxed elementor-section-height-default elementor-section-height-default\" data-id=\"0711e5b\" data-element_type=\"section\" data-e-type=\"section\">\n\t\t\t\t\t\t<div class=\"elementor-container elementor-column-gap-default\">\n\t\t\t\t\t<div class=\"elementor-column elementor-col-100 elementor-top-column elementor-element elementor-element-0e9f1fd\" data-id=\"0e9f1fd\" data-element_type=\"column\" data-e-type=\"column\">\n\t\t\t<div class=\"elementor-widget-wrap elementor-element-populated\">\n\t\t\t\t\t\t<div class=\"elementor-element elementor-element-496e040 elementor-widget elementor-widget-bookly-widget-bookly-form\" data-id=\"496e040\" data-element_type=\"widget\" data-e-type=\"widget\" data-widget_type=\"bookly-widget-bookly-form.default\">\n\t\t\t\t<div class=\"elementor-widget-container\">\n\t\t\t\t\t<!--\nPlugin Name: Bookly - Responsive WordPress Appointment Booking and Scheduling Plugin\nPlugin URI: https:\/\/www.booking-wp-plugin.com\/?utm_source=bookly_admin&utm_medium=plugins_page&utm_campaign=plugins_page\nVersion: 27.2-->\n<style type=\"text\/css\">\n    :root {\n        --bookly-main-color: #47c188 !important;\n        --bookly-color: #47c188 !important;\n    }\n\n    <\/style><div class=\"bookly-css-root\">\n    <div id=\"bookly-form-container-69ea0c4a935de\" class=\"bookly-form\" data-form_id=\"\" aria-live=\"polite\">\n        <div style=\"text-align: center\"><img decoding=\"async\" src=\"https:\/\/davidteachesenglish.es\/wp-includes\/js\/tinymce\/skins\/lightgray\/img\/loader.gif\" alt=\"Cargando ...\"\/><\/div>\n    <\/div>\n<\/div>\n<script type=\"text\/javascript\">\n    (function (win, fn) {\n        var done = false, top = true,\n            doc = win.document,\n            root = doc.documentElement,\n            modern = doc.addEventListener,\n            add = modern ? 'addEventListener' : 'attachEvent',\n            rem = modern ? 'removeEventListener' : 'detachEvent',\n            pre = modern ? '' : 'on',\n            init = function (e) {\n                if (e.type == 'readystatechange') if (doc.readyState != 'complete') return;\n                (e.type == 'load' ? win : doc)[rem](pre + e.type, init, false);\n                if (!done) {\n                    done = true;\n                    fn.call(win, e.type || e);\n                }\n            },\n            poll = function () {\n                try {\n                    root.doScroll('left');\n                } catch (e) {\n                    setTimeout(poll, 50);\n                    return;\n                }\n                init('poll');\n            };\n        if (doc.readyState == 'complete') fn.call(win, 'lazy');\n        else {\n            if (!modern) if (root.doScroll) {\n                try {\n                    top = !win.frameElement;\n                } catch (e) {\n                }\n                if (top) poll();\n            }\n            doc[add](pre + 'DOMContentLoaded', init, false);\n            doc[add](pre + 'readystatechange', init, false);\n            win[add](pre + 'load', init, false);\n        }\n    })(window, function () {\n        window.bookly( {\"form_id\":\"69ea0c4a935de\",\"form_data\":{\"skip_service_step\":1,\"hide_service_part1\":1,\"hide_service_part2\":1,\"defaults\":{\"service_id\":1,\"staff_id\":1,\"location_id\":0,\"category_id\":0,\"units\":0,\"date_from\":0,\"time_from\":0,\"time_to\":0}},\"status\":{\"booking\":\"new\"},\"form_token\":null,\"skip_steps\":{\"service_part1\":1,\"service_part2\":1,\"extras\":1,\"time\":0,\"repeat\":1,\"cart\":1},\"errors\":{\"session_error\":\"Error de sesi\\u00f3n.\",\"form_id_error\":\"Error Identificaci\\u00f3n formulario.\",\"cart_item_not_available\":\"The selected time is not available anymore. Please, choose another time slot.\",\"pay_locally_not_available\":\"Pagu\\u00e9 no est\\u00e1 disponible.\",\"invalid_gateway\":\"Puerta de enlace no es v\\u00e1lido.\",\"payment_error\":\"Error.\",\"incorrect_username_password\":\"Nombre de usuario o contrase\\u00f1a incorrectos.\"},\"form_attributes\":{\"hide_categories\":true,\"hide_services\":true,\"hide_staff_members\":true,\"show_number_of_persons\":false,\"hide_service_duration\":true,\"hide_locations\":true,\"hide_quantity\":true,\"hide_date\":true,\"hide_week_days\":true,\"hide_time_range\":true},\"use_client_time_zone\":1,\"defaults\":{\"service_id\":1,\"staff_id\":1,\"location_id\":0,\"category_id\":0},\"datepicker_mode\":\"text-accent\",\"facebook\":{\"enabled\":0,\"appId\":\"\"}} );\n    });\n<\/script>\t\t\t\t<\/div>\n\t\t\t\t<\/div>\n\t\t\t\t\t<\/div>\n\t\t<\/div>\n\t\t\t\t\t<\/div>\n\t\t<\/section>\n\t\t\t\t<\/div>","protected":false},"excerpt":{"rendered":"<p>Calendario Le facilito una sencilla reserva en l\u00ednea para su comodidad. Para reservar una clase, seleccione una hora a continuaci\u00f3n. Si a\u00fan no ha pagado, puede pagar directamente en l\u00ednea despu\u00e9s de hacer la reserva.<\/p>","protected":false},"author":2,"featured_media":0,"parent":0,"menu_order":0,"comment_status":"closed","ping_status":"closed","template":"","meta":{"footnotes":""},"class_list":["post-310","page","type-page","status-publish","hentry"],"yoast_head":"<!-- This site is optimized with the Yoast SEO plugin v27.2 - https:\/\/yoast.com\/product\/yoast-seo-wordpress\/ -->\n<title>Book Lesson - David Teaches English<\/title>\n<meta name=\"robots\" content=\"index, follow, max-snippet:-1, max-image-preview:large, max-video-preview:-1\" \/>\n<link rel=\"canonical\" href=\"https:\/\/davidteachesenglish.es\/es\/book-lesson\/\" \/>\n<meta property=\"og:locale\" content=\"es_ES\" \/>\n<meta property=\"og:type\" content=\"article\" \/>\n<meta property=\"og:title\" content=\"Book Lesson - David Teaches English\" \/>\n<meta property=\"og:description\" content=\"Calendar I provide simple online booking for your convenience. To book a class, please select a time below. If you have not paid yet, you can pay directly online after making the reservation.\" \/>\n<meta property=\"og:url\" content=\"https:\/\/davidteachesenglish.es\/es\/book-lesson\/\" \/>\n<meta property=\"og:site_name\" content=\"David Teaches English\" \/>\n<meta property=\"article:modified_time\" content=\"2023-07-31T11:13:38+00:00\" \/>\n<meta name=\"twitter:card\" content=\"summary_large_image\" \/>\n<meta name=\"twitter:label1\" content=\"Tiempo de lectura\" \/>\n\t<meta name=\"twitter:data1\" content=\"1 minuto\" \/>\n<script type=\"application\/ld+json\" class=\"yoast-schema-graph\">{\"@context\":\"https:\/\/schema.org\",\"@graph\":[{\"@type\":\"WebPage\",\"@id\":\"https:\/\/davidteachesenglish.es\/book-lesson\/\",\"url\":\"https:\/\/davidteachesenglish.es\/book-lesson\/\",\"name\":\"Book Lesson - David Teaches English\",\"isPartOf\":{\"@id\":\"https:\/\/davidteachesenglish.es\/#website\"},\"datePublished\":\"2021-11-22T20:55:03+00:00\",\"dateModified\":\"2023-07-31T11:13:38+00:00\",\"breadcrumb\":{\"@id\":\"https:\/\/davidteachesenglish.es\/book-lesson\/#breadcrumb\"},\"inLanguage\":\"es\",\"potentialAction\":[{\"@type\":\"ReadAction\",\"target\":[\"https:\/\/davidteachesenglish.es\/book-lesson\/\"]}]},{\"@type\":\"BreadcrumbList\",\"@id\":\"https:\/\/davidteachesenglish.es\/book-lesson\/#breadcrumb\",\"itemListElement\":[{\"@type\":\"ListItem\",\"position\":1,\"name\":\"Home\",\"item\":\"https:\/\/davidteachesenglish.es\/\"},{\"@type\":\"ListItem\",\"position\":2,\"name\":\"Book Lesson\"}]},{\"@type\":\"WebSite\",\"@id\":\"https:\/\/davidteachesenglish.es\/#website\",\"url\":\"https:\/\/davidteachesenglish.es\/\",\"name\":\"David Teaches English\",\"description\":\"Learn and improve your English online\",\"potentialAction\":[{\"@type\":\"SearchAction\",\"target\":{\"@type\":\"EntryPoint\",\"urlTemplate\":\"https:\/\/davidteachesenglish.es\/?s={search_term_string}\"},\"query-input\":{\"@type\":\"PropertyValueSpecification\",\"valueRequired\":true,\"valueName\":\"search_term_string\"}}],\"inLanguage\":\"es\"}]}<\/script>\n<!-- \/ Yoast SEO plugin. -->","yoast_head_json":{"title":"Lecci\u00f3n de libro - David Teaches English","robots":{"index":"index","follow":"follow","max-snippet":"max-snippet:-1","max-image-preview":"max-image-preview:large","max-video-preview":"max-video-preview:-1"},"canonical":"https:\/\/davidteachesenglish.es\/es\/book-lesson\/","og_locale":"es_ES","og_type":"article","og_title":"Book Lesson - David Teaches English","og_description":"Calendar I provide simple online booking for your convenience. To book a class, please select a time below. If you have not paid yet, you can pay directly online after making the reservation.","og_url":"https:\/\/davidteachesenglish.es\/es\/book-lesson\/","og_site_name":"David Teaches English","article_modified_time":"2023-07-31T11:13:38+00:00","twitter_card":"summary_large_image","twitter_misc":{"Tiempo de lectura":"1 minuto"},"schema":{"@context":"https:\/\/schema.org","@graph":[{"@type":"WebPage","@id":"https:\/\/davidteachesenglish.es\/book-lesson\/","url":"https:\/\/davidteachesenglish.es\/book-lesson\/","name":"Lecci\u00f3n de libro - David Teaches English","isPartOf":{"@id":"https:\/\/davidteachesenglish.es\/#website"},"datePublished":"2021-11-22T20:55:03+00:00","dateModified":"2023-07-31T11:13:38+00:00","breadcrumb":{"@id":"https:\/\/davidteachesenglish.es\/book-lesson\/#breadcrumb"},"inLanguage":"es","potentialAction":[{"@type":"ReadAction","target":["https:\/\/davidteachesenglish.es\/book-lesson\/"]}]},{"@type":"BreadcrumbList","@id":"https:\/\/davidteachesenglish.es\/book-lesson\/#breadcrumb","itemListElement":[{"@type":"ListItem","position":1,"name":"Home","item":"https:\/\/davidteachesenglish.es\/"},{"@type":"ListItem","position":2,"name":"Book Lesson"}]},{"@type":"WebSite","@id":"https:\/\/davidteachesenglish.es\/#website","url":"https:\/\/davidteachesenglish.es\/","name":"David ense\u00f1a ingl\u00e9s","description":"Aprenda y mejore su ingl\u00e9s en l\u00ednea","potentialAction":[{"@type":"SearchAction","target":{"@type":"EntryPoint","urlTemplate":"https:\/\/davidteachesenglish.es\/?s={search_term_string}"},"query-input":{"@type":"PropertyValueSpecification","valueRequired":true,"valueName":"search_term_string"}}],"inLanguage":"es"}]}},"_links":{"self":[{"href":"https:\/\/davidteachesenglish.es\/es\/wp-json\/wp\/v2\/pages\/310","targetHints":{"allow":["GET"]}}],"collection":[{"href":"https:\/\/davidteachesenglish.es\/es\/wp-json\/wp\/v2\/pages"}],"about":[{"href":"https:\/\/davidteachesenglish.es\/es\/wp-json\/wp\/v2\/types\/page"}],"author":[{"embeddable":true,"href":"https:\/\/davidteachesenglish.es\/es\/wp-json\/wp\/v2\/users\/2"}],"replies":[{"embeddable":true,"href":"https:\/\/davidteachesenglish.es\/es\/wp-json\/wp\/v2\/comments?post=310"}],"version-history":[{"count":5,"href":"https:\/\/davidteachesenglish.es\/es\/wp-json\/wp\/v2\/pages\/310\/revisions"}],"predecessor-version":[{"id":1029,"href":"https:\/\/davidteachesenglish.es\/es\/wp-json\/wp\/v2\/pages\/310\/revisions\/1029"}],"wp:attachment":[{"href":"https:\/\/davidteachesenglish.es\/es\/wp-json\/wp\/v2\/media?parent=310"}],"curies":[{"name":"wp","href":"https:\/\/api.w.org\/{rel}","templated":true}]}}