{"id":330,"date":"2021-11-23T19:23:19","date_gmt":"2021-11-23T18:23:19","guid":{"rendered":"https:\/\/davidteachesenglish.es\/?page_id=330"},"modified":"2021-11-25T21:46:39","modified_gmt":"2021-11-25T20:46:39","slug":"reviews","status":"publish","type":"page","link":"https:\/\/davidteachesenglish.es\/es\/reviews\/","title":{"rendered":"Rese\u00f1as"},"content":{"rendered":"<div data-elementor-type=\"wp-page\" data-elementor-id=\"330\" class=\"elementor elementor-330\" data-elementor-post-type=\"page\">\n\t\t\t\t\t\t<section class=\"elementor-section elementor-top-section elementor-element elementor-element-0cac5a2 elementor-section-boxed elementor-section-height-default elementor-section-height-default\" data-id=\"0cac5a2\" data-element_type=\"section\" data-e-type=\"section\">\n\t\t\t\t\t\t<div class=\"elementor-container elementor-column-gap-default\">\n\t\t\t\t\t<div class=\"elementor-column elementor-col-25 elementor-top-column elementor-element elementor-element-afca1d4\" data-id=\"afca1d4\" data-element_type=\"column\" data-e-type=\"column\">\n\t\t\t<div class=\"elementor-widget-wrap elementor-element-populated\">\n\t\t\t\t\t\t<div class=\"elementor-element elementor-element-a2b2694 elementor-widget elementor-widget-themo-info-card\" data-id=\"a2b2694\" data-element_type=\"widget\" data-e-type=\"widget\" data-widget_type=\"themo-info-card.default\">\n\t\t\t\t<div class=\"elementor-widget-container\">\n\t\t\t\t\t\t\t<div class=\"th-info-card-wrap\">\n            <div class=\"elementor-icon-box-wrapper\">\n                <div class=\"elementor-icon-box-content\">\n                    <h3 class=\"elementor-icon-box-title\">\"<\/h3>\n                    <p class=\"elementor-icon-box-description\">David es un profesor genial y muy din\u00e1mico dando clases. Llevo dos a\u00f1os con \u00e9l y mi ingles a mejorado notablemente. Lo he notado sobre todo a nivel laboral, incluso alg\u00fan compa\u00f1ero me ha comentado mi subida de nivel. Muy recomendable.\n\nIsrael Mora\nEstudiante<\/p>\n                <\/div>\n                            <\/div>\n        <\/div>\n\n\t\t\t\t\t\t<\/div>\n\t\t\t\t<\/div>\n\t\t\t\t<div class=\"elementor-element elementor-element-849b069 elementor-widget elementor-widget-themo-info-card\" data-id=\"849b069\" data-element_type=\"widget\" data-e-type=\"widget\" data-widget_type=\"themo-info-card.default\">\n\t\t\t\t<div class=\"elementor-widget-container\">\n\t\t\t\t\t\t\t<div class=\"th-info-card-wrap\">\n            <div class=\"elementor-icon-box-wrapper\">\n                <div class=\"elementor-icon-box-content\">\n                    <h3 class=\"elementor-icon-box-title\">\"<\/h3>\n                    <p class=\"elementor-icon-box-description\">Mi clase con David fue genial, es una persona amable, profesional y escucha atentamente tus necesidades y metas. Lo recomiendo altamente a qui\u00e9n quiera aprender-perfeccionar el idioma.\n\nEliana\nEstudiante<\/p>\n                <\/div>\n                            <\/div>\n        <\/div>\n\n\t\t\t\t\t\t<\/div>\n\t\t\t\t<\/div>\n\t\t\t\t\t<\/div>\n\t\t<\/div>\n\t\t\t\t<div class=\"elementor-column elementor-col-25 elementor-top-column elementor-element elementor-element-ce9becd\" data-id=\"ce9becd\" data-element_type=\"column\" data-e-type=\"column\">\n\t\t\t<div class=\"elementor-widget-wrap elementor-element-populated\">\n\t\t\t\t\t\t<div class=\"elementor-element elementor-element-96bf939 elementor-widget elementor-widget-themo-info-card\" data-id=\"96bf939\" data-element_type=\"widget\" data-e-type=\"widget\" data-widget_type=\"themo-info-card.default\">\n\t\t\t\t<div class=\"elementor-widget-container\">\n\t\t\t\t\t\t\t<div class=\"th-info-card-wrap\">\n            <div class=\"elementor-icon-box-wrapper\">\n                <div class=\"elementor-icon-box-content\">\n                    <h3 class=\"elementor-icon-box-title\">\"<\/h3>\n                    <p class=\"elementor-icon-box-description\">David es un profesor fant\u00e1stico. Mi nivel de ingl\u00e9s ha dado un salto tremendo desde que lo tengo a \u00e9l ense\u00f1\u00e1ndome. Como profesor es paciente y riguroso, te ayuda un mont\u00f3n y sus clases son muy amenas. Y, lo m\u00e1s importante, es una persona maravillosa, simp\u00e1tica, atenta, siempre con una sonrisa. Recomiendo 100% a David como profesor de ingl\u00e9s. \u00a1Es el mejor!\n\nYolanda S\u00e1ez\nEstudiante<\/p>\n                <\/div>\n                            <\/div>\n        <\/div>\n\n\t\t\t\t\t\t<\/div>\n\t\t\t\t<\/div>\n\t\t\t\t<div class=\"elementor-element elementor-element-52bed28 elementor-widget elementor-widget-themo-info-card\" data-id=\"52bed28\" data-element_type=\"widget\" data-e-type=\"widget\" data-widget_type=\"themo-info-card.default\">\n\t\t\t\t<div class=\"elementor-widget-container\">\n\t\t\t\t\t\t\t<div class=\"th-info-card-wrap\">\n            <div class=\"elementor-icon-box-wrapper\">\n                <div class=\"elementor-icon-box-content\">\n                    <h3 class=\"elementor-icon-box-title\">\"<\/h3>\n                    <p class=\"elementor-icon-box-description\">He tenido m\u00e1s de 5 clases con David que es muy f\u00e1cil de llevar pero profesional. corrigi\u00f3 cada error de pronunciaci\u00f3n de m\u00ed y me gui\u00f3 para mejor.\n\nJohnny \u5b5f\u4ee4\u5ca9\nEstudiante<\/p>\n                <\/div>\n                            <\/div>\n        <\/div>\n\n\t\t\t\t\t\t<\/div>\n\t\t\t\t<\/div>\n\t\t\t\t\t<\/div>\n\t\t<\/div>\n\t\t\t\t<div class=\"elementor-column elementor-col-25 elementor-top-column elementor-element elementor-element-5271b86\" data-id=\"5271b86\" data-element_type=\"column\" data-e-type=\"column\">\n\t\t\t<div class=\"elementor-widget-wrap elementor-element-populated\">\n\t\t\t\t\t\t<div class=\"elementor-element elementor-element-9ed1628 elementor-widget elementor-widget-themo-info-card\" data-id=\"9ed1628\" data-element_type=\"widget\" data-e-type=\"widget\" data-widget_type=\"themo-info-card.default\">\n\t\t\t\t<div class=\"elementor-widget-container\">\n\t\t\t\t\t\t\t<div class=\"th-info-card-wrap\">\n            <div class=\"elementor-icon-box-wrapper\">\n                <div class=\"elementor-icon-box-content\">\n                    <h3 class=\"elementor-icon-box-title\">\"<\/h3>\n                    <p class=\"elementor-icon-box-description\">Muy buen profesor. Hace las clases amenas y su m\u00e9todo es muy bueno. Lo recomiendo 100%.\n\nJuan Carlos\nEstudiante<\/p>\n                <\/div>\n                            <\/div>\n        <\/div>\n\n\t\t\t\t\t\t<\/div>\n\t\t\t\t<\/div>\n\t\t\t\t<div class=\"elementor-element elementor-element-8862979 elementor-widget elementor-widget-themo-info-card\" data-id=\"8862979\" data-element_type=\"widget\" data-e-type=\"widget\" data-widget_type=\"themo-info-card.default\">\n\t\t\t\t<div class=\"elementor-widget-container\">\n\t\t\t\t\t\t\t<div class=\"th-info-card-wrap\">\n            <div class=\"elementor-icon-box-wrapper\">\n                <div class=\"elementor-icon-box-content\">\n                    <h3 class=\"elementor-icon-box-title\">\"<\/h3>\n                    <p class=\"elementor-icon-box-description\">David es un profesor con mucha experiencia que sabe c\u00f3mo ayudarte a mejorar tu nivel de ingl\u00e9s. Empec\u00e9 las clases sin saber exactamente lo que quer\u00eda, pero \u00e9l escuch\u00f3 algunas de mis ideas para mejorar mi nivel general con un enfoque principal en el entorno empresarial y definitivamente estamos trabajando en ello. Gracias a \u00e9l me siento m\u00e1s segura y estoy mejorando mi vocabulario, pronunciaci\u00f3n y fluidez. Definitivamente continuar\u00eda mis clases con \u00e9l.\n\nIrene AL\nEstudiante<\/p>\n                <\/div>\n                            <\/div>\n        <\/div>\n\n\t\t\t\t\t\t<\/div>\n\t\t\t\t<\/div>\n\t\t\t\t\t<\/div>\n\t\t<\/div>\n\t\t\t\t<div class=\"elementor-column elementor-col-25 elementor-top-column elementor-element elementor-element-50e2d99\" data-id=\"50e2d99\" data-element_type=\"column\" data-e-type=\"column\">\n\t\t\t<div class=\"elementor-widget-wrap elementor-element-populated\">\n\t\t\t\t\t\t<div class=\"elementor-element elementor-element-3fc122d elementor-widget elementor-widget-themo-info-card\" data-id=\"3fc122d\" data-element_type=\"widget\" data-e-type=\"widget\" data-widget_type=\"themo-info-card.default\">\n\t\t\t\t<div class=\"elementor-widget-container\">\n\t\t\t\t\t\t\t<div class=\"th-info-card-wrap\">\n            <div class=\"elementor-icon-box-wrapper\">\n                <div class=\"elementor-icon-box-content\">\n                    <h3 class=\"elementor-icon-box-title\">\"<\/h3>\n                    <p class=\"elementor-icon-box-description\">Llevo recibiendo clases de \u00e9l desde 2019. \u00a1Gran profesor y mejor persona! He notado una gran mejor\u00eda en estos a\u00f1os por lo que realmente lo recomiendo como profesor.\n\nJuan\nAlumno<\/p>\n                <\/div>\n                            <\/div>\n        <\/div>\n\n\t\t\t\t\t\t<\/div>\n\t\t\t\t<\/div>\n\t\t\t\t<div class=\"elementor-element elementor-element-435cdd9 elementor-widget elementor-widget-themo-info-card\" data-id=\"435cdd9\" data-element_type=\"widget\" data-e-type=\"widget\" data-widget_type=\"themo-info-card.default\">\n\t\t\t\t<div class=\"elementor-widget-container\">\n\t\t\t\t\t\t\t<div class=\"th-info-card-wrap\">\n            <div class=\"elementor-icon-box-wrapper\">\n                <div class=\"elementor-icon-box-content\">\n                    <h3 class=\"elementor-icon-box-title\">\"<\/h3>\n                    <p class=\"elementor-icon-box-description\">David es puntual, paciente y amable. Hablamos de mis objetivos. Me escucha bien y corrigi\u00f3 algunos errores que comet\u00ed. Nuestra primera clase fue muy buena. Estoy deseando empezar las clases con \u00e9l. \u00a1Gracias David !\n\nSarah Tuccitto\nEstudiante<\/p>\n                <\/div>\n                            <\/div>\n        <\/div>\n\n\t\t\t\t\t\t<\/div>\n\t\t\t\t<\/div>\n\t\t\t\t\t<\/div>\n\t\t<\/div>\n\t\t\t\t\t<\/div>\n\t\t<\/section>\n\t\t\t\t<\/div>","protected":false},"excerpt":{"rendered":"<p>\u201cDavid es un profesor genial y muy din\u00e1mico dando clases. Llevo dos a\u00f1os con \u00e9l y mi ingles a mejorado notablemente. Lo he notado sobre todo a nivel laboral, incluso alg\u00fan compa\u00f1ero me ha comentado mi subida de nivel. ... <a href=\"https:\/\/davidteachesenglish.es\/es\/reviews\/\">Seguir leyendo<\/a><\/p>","protected":false},"author":2,"featured_media":0,"parent":0,"menu_order":0,"comment_status":"closed","ping_status":"closed","template":"","meta":{"footnotes":""},"class_list":["post-330","page","type-page","status-publish","hentry"],"yoast_head":"<!-- This site is optimized with the Yoast SEO plugin v27.2 - https:\/\/yoast.com\/product\/yoast-seo-wordpress\/ -->\n<title>Reviews - David Teaches English<\/title>\n<meta name=\"robots\" content=\"index, follow, max-snippet:-1, max-image-preview:large, max-video-preview:-1\" \/>\n<link rel=\"canonical\" href=\"https:\/\/davidteachesenglish.es\/es\/reviews\/\" \/>\n<meta property=\"og:locale\" content=\"es_ES\" \/>\n<meta property=\"og:type\" content=\"article\" \/>\n<meta property=\"og:title\" content=\"Reviews - David Teaches English\" \/>\n<meta property=\"og:description\" content=\"\u201c\u200b David es un profesor genial y muy din\u00e1mico dando clases. Llevo dos a\u00f1os con \u00e9l y mi ingles a mejorado notablemente. Lo he notado sobre todo a nivel laboral, incluso alg\u00fan compa\u00f1ero me ha comentado mi subida de nivel. &hellip; Read More\" \/>\n<meta property=\"og:url\" content=\"https:\/\/davidteachesenglish.es\/es\/reviews\/\" \/>\n<meta property=\"og:site_name\" content=\"David Teaches English\" \/>\n<meta property=\"article:modified_time\" content=\"2021-11-25T20:46:39+00:00\" \/>\n<meta name=\"twitter:card\" content=\"summary_large_image\" \/>\n<meta name=\"twitter:label1\" content=\"Tiempo de lectura\" \/>\n\t<meta name=\"twitter:data1\" content=\"2 minutos\" \/>\n<script type=\"application\/ld+json\" class=\"yoast-schema-graph\">{\"@context\":\"https:\/\/schema.org\",\"@graph\":[{\"@type\":\"WebPage\",\"@id\":\"https:\/\/davidteachesenglish.es\/reviews\/\",\"url\":\"https:\/\/davidteachesenglish.es\/reviews\/\",\"name\":\"Reviews - David Teaches English\",\"isPartOf\":{\"@id\":\"https:\/\/davidteachesenglish.es\/#website\"},\"datePublished\":\"2021-11-23T18:23:19+00:00\",\"dateModified\":\"2021-11-25T20:46:39+00:00\",\"breadcrumb\":{\"@id\":\"https:\/\/davidteachesenglish.es\/reviews\/#breadcrumb\"},\"inLanguage\":\"es\",\"potentialAction\":[{\"@type\":\"ReadAction\",\"target\":[\"https:\/\/davidteachesenglish.es\/reviews\/\"]}]},{\"@type\":\"BreadcrumbList\",\"@id\":\"https:\/\/davidteachesenglish.es\/reviews\/#breadcrumb\",\"itemListElement\":[{\"@type\":\"ListItem\",\"position\":1,\"name\":\"Home\",\"item\":\"https:\/\/davidteachesenglish.es\/\"},{\"@type\":\"ListItem\",\"position\":2,\"name\":\"Reviews\"}]},{\"@type\":\"WebSite\",\"@id\":\"https:\/\/davidteachesenglish.es\/#website\",\"url\":\"https:\/\/davidteachesenglish.es\/\",\"name\":\"David Teaches English\",\"description\":\"Learn and improve your English online\",\"potentialAction\":[{\"@type\":\"SearchAction\",\"target\":{\"@type\":\"EntryPoint\",\"urlTemplate\":\"https:\/\/davidteachesenglish.es\/?s={search_term_string}\"},\"query-input\":{\"@type\":\"PropertyValueSpecification\",\"valueRequired\":true,\"valueName\":\"search_term_string\"}}],\"inLanguage\":\"es\"}]}<\/script>\n<!-- \/ Yoast SEO plugin. -->","yoast_head_json":{"title":"Opiniones - David Teaches English","robots":{"index":"index","follow":"follow","max-snippet":"max-snippet:-1","max-image-preview":"max-image-preview:large","max-video-preview":"max-video-preview:-1"},"canonical":"https:\/\/davidteachesenglish.es\/es\/reviews\/","og_locale":"es_ES","og_type":"article","og_title":"Reviews - David Teaches English","og_description":"\u201c\u200b David es un profesor genial y muy din\u00e1mico dando clases. Llevo dos a\u00f1os con \u00e9l y mi ingles a mejorado notablemente. Lo he notado sobre todo a nivel laboral, incluso alg\u00fan compa\u00f1ero me ha comentado mi subida de nivel. &hellip; Read More","og_url":"https:\/\/davidteachesenglish.es\/es\/reviews\/","og_site_name":"David Teaches English","article_modified_time":"2021-11-25T20:46:39+00:00","twitter_card":"summary_large_image","twitter_misc":{"Tiempo de lectura":"2 minutos"},"schema":{"@context":"https:\/\/schema.org","@graph":[{"@type":"WebPage","@id":"https:\/\/davidteachesenglish.es\/reviews\/","url":"https:\/\/davidteachesenglish.es\/reviews\/","name":"Opiniones - David Teaches English","isPartOf":{"@id":"https:\/\/davidteachesenglish.es\/#website"},"datePublished":"2021-11-23T18:23:19+00:00","dateModified":"2021-11-25T20:46:39+00:00","breadcrumb":{"@id":"https:\/\/davidteachesenglish.es\/reviews\/#breadcrumb"},"inLanguage":"es","potentialAction":[{"@type":"ReadAction","target":["https:\/\/davidteachesenglish.es\/reviews\/"]}]},{"@type":"BreadcrumbList","@id":"https:\/\/davidteachesenglish.es\/reviews\/#breadcrumb","itemListElement":[{"@type":"ListItem","position":1,"name":"Home","item":"https:\/\/davidteachesenglish.es\/"},{"@type":"ListItem","position":2,"name":"Reviews"}]},{"@type":"WebSite","@id":"https:\/\/davidteachesenglish.es\/#website","url":"https:\/\/davidteachesenglish.es\/","name":"David ense\u00f1a ingl\u00e9s","description":"Aprenda y mejore su ingl\u00e9s en l\u00ednea","potentialAction":[{"@type":"SearchAction","target":{"@type":"EntryPoint","urlTemplate":"https:\/\/davidteachesenglish.es\/?s={search_term_string}"},"query-input":{"@type":"PropertyValueSpecification","valueRequired":true,"valueName":"search_term_string"}}],"inLanguage":"es"}]}},"_links":{"self":[{"href":"https:\/\/davidteachesenglish.es\/es\/wp-json\/wp\/v2\/pages\/330","targetHints":{"allow":["GET"]}}],"collection":[{"href":"https:\/\/davidteachesenglish.es\/es\/wp-json\/wp\/v2\/pages"}],"about":[{"href":"https:\/\/davidteachesenglish.es\/es\/wp-json\/wp\/v2\/types\/page"}],"author":[{"embeddable":true,"href":"https:\/\/davidteachesenglish.es\/es\/wp-json\/wp\/v2\/users\/2"}],"replies":[{"embeddable":true,"href":"https:\/\/davidteachesenglish.es\/es\/wp-json\/wp\/v2\/comments?post=330"}],"version-history":[{"count":5,"href":"https:\/\/davidteachesenglish.es\/es\/wp-json\/wp\/v2\/pages\/330\/revisions"}],"predecessor-version":[{"id":376,"href":"https:\/\/davidteachesenglish.es\/es\/wp-json\/wp\/v2\/pages\/330\/revisions\/376"}],"wp:attachment":[{"href":"https:\/\/davidteachesenglish.es\/es\/wp-json\/wp\/v2\/media?parent=330"}],"curies":[{"name":"wp","href":"https:\/\/api.w.org\/{rel}","templated":true}]}}