{"id":557,"date":"2021-12-07T21:03:16","date_gmt":"2021-12-07T20:03:16","guid":{"rendered":"https:\/\/davidteachesenglish.es\/?page_id=557"},"modified":"2025-03-03T15:45:25","modified_gmt":"2025-03-03T14:45:25","slug":"about-me-english-teacher","status":"publish","type":"page","link":"https:\/\/davidteachesenglish.es\/es\/about-me-english-teacher\/","title":{"rendered":"Sobre m\u00ed"},"content":{"rendered":"<div data-elementor-type=\"wp-page\" data-elementor-id=\"557\" class=\"elementor elementor-557\" data-elementor-post-type=\"page\">\n\t\t\t\t\t\t<section class=\"elementor-section elementor-top-section elementor-element elementor-element-3f0ac65 elementor-section-boxed elementor-section-height-default elementor-section-height-default\" data-id=\"3f0ac65\" data-element_type=\"section\" data-e-type=\"section\">\n\t\t\t\t\t\t<div class=\"elementor-container elementor-column-gap-default\">\n\t\t\t\t\t<div class=\"elementor-column elementor-col-33 elementor-top-column elementor-element elementor-element-44fcdcc\" data-id=\"44fcdcc\" data-element_type=\"column\" data-e-type=\"column\">\n\t\t\t<div class=\"elementor-widget-wrap elementor-element-populated\">\n\t\t\t\t\t\t<div class=\"elementor-element elementor-element-89f2142 elementor-widget elementor-widget-image\" data-id=\"89f2142\" data-element_type=\"widget\" data-e-type=\"widget\" data-widget_type=\"image.default\">\n\t\t\t\t<div class=\"elementor-widget-container\">\n\t\t\t\t\t\t\t\t\t\t\t\t\t\t\t<img fetchpriority=\"high\" decoding=\"async\" width=\"610\" height=\"594\" src=\"https:\/\/davidteachesenglish.es\/wp-content\/uploads\/2021\/12\/David-Brown-copy.png\" class=\"attachment-large size-large wp-image-563\" alt=\"\" srcset=\"https:\/\/davidteachesenglish.es\/wp-content\/uploads\/2021\/12\/David-Brown-copy.png 610w, https:\/\/davidteachesenglish.es\/wp-content\/uploads\/2021\/12\/David-Brown-copy-600x584.png 600w, https:\/\/davidteachesenglish.es\/wp-content\/uploads\/2021\/12\/David-Brown-copy-300x292.png 300w, https:\/\/davidteachesenglish.es\/wp-content\/uploads\/2021\/12\/David-Brown-copy-103x100.png 103w, https:\/\/davidteachesenglish.es\/wp-content\/uploads\/2021\/12\/David-Brown-copy-82x80.png 82w, https:\/\/davidteachesenglish.es\/wp-content\/uploads\/2021\/12\/David-Brown-copy-311x303.png 311w\" sizes=\"(max-width: 610px) 100vw, 610px\" \/>\t\t\t\t\t\t\t\t\t\t\t\t\t\t\t<\/div>\n\t\t\t\t<\/div>\n\t\t\t\t\t<\/div>\n\t\t<\/div>\n\t\t\t\t<div class=\"elementor-column elementor-col-66 elementor-top-column elementor-element elementor-element-927799d\" data-id=\"927799d\" data-element_type=\"column\" data-e-type=\"column\">\n\t\t\t<div class=\"elementor-widget-wrap elementor-element-populated\">\n\t\t\t\t\t\t<div class=\"elementor-element elementor-element-320f6b5 elementor-widget elementor-widget-toggle\" data-id=\"320f6b5\" data-element_type=\"widget\" data-e-type=\"widget\" data-widget_type=\"toggle.default\">\n\t\t\t\t<div class=\"elementor-widget-container\">\n\t\t\t\t\t\t\t<div class=\"elementor-toggle\">\n\t\t\t\t\t\t\t<div class=\"elementor-toggle-item\">\n\t\t\t\t\t<div id=\"elementor-tab-title-5241\" class=\"elementor-tab-title\" data-tab=\"1\" role=\"button\" aria-controls=\"elementor-tab-content-5241\" aria-expanded=\"false\">\n\t\t\t\t\t\t\t\t\t\t\t\t<span class=\"elementor-toggle-icon elementor-toggle-icon-left\" aria-hidden=\"true\">\n\t\t\t\t\t\t\t\t\t\t\t\t\t\t\t<span class=\"elementor-toggle-icon-closed\"><i class=\"fas fa-caret-right\"><\/i><\/span>\n\t\t\t\t\t\t\t\t<span class=\"elementor-toggle-icon-opened\"><i class=\"elementor-toggle-icon-opened fas fa-caret-up\"><\/i><\/span>\n\t\t\t\t\t\t\t\t\t\t\t\t\t<\/span>\n\t\t\t\t\t\t\t\t\t\t\t\t<a class=\"elementor-toggle-title\" tabindex=\"0\">Visi\u00f3n general<\/a>\n\t\t\t\t\t<\/div>\n\n\t\t\t\t\t<div id=\"elementor-tab-content-5241\" class=\"elementor-tab-content elementor-clearfix\" data-tab=\"1\" role=\"region\" aria-labelledby=\"elementor-tab-title-5241\"><p>Trabaj\u00e9 como t\u00e9cnico de laboratorio m\u00e9dico en Estados Unidos antes de cambiar mi carrera por la ense\u00f1anza. Llevo ocho a\u00f1os ense\u00f1ando ingl\u00e9s como lengua extranjera. La ense\u00f1anza me permite conectar m\u00e1s con la gente mientras les ayudo a alcanzar sus objetivos, que es algo que disfruto haciendo. Estudi\u00e9 un m\u00e1ster en Educaci\u00f3n Multicultural y Biling\u00fce en Madrid mientras hac\u00eda pr\u00e1cticas en un instituto cercano. Tambi\u00e9n tengo un Certificado en Ense\u00f1anza de Ingl\u00e9s para Adultos (CELTA).<\/p><\/div>\n\t\t\t\t<\/div>\n\t\t\t\t\t\t\t<div class=\"elementor-toggle-item\">\n\t\t\t\t\t<div id=\"elementor-tab-title-5242\" class=\"elementor-tab-title\" data-tab=\"2\" role=\"button\" aria-controls=\"elementor-tab-content-5242\" aria-expanded=\"false\">\n\t\t\t\t\t\t\t\t\t\t\t\t<span class=\"elementor-toggle-icon elementor-toggle-icon-left\" aria-hidden=\"true\">\n\t\t\t\t\t\t\t\t\t\t\t\t\t\t\t<span class=\"elementor-toggle-icon-closed\"><i class=\"fas fa-caret-right\"><\/i><\/span>\n\t\t\t\t\t\t\t\t<span class=\"elementor-toggle-icon-opened\"><i class=\"elementor-toggle-icon-opened fas fa-caret-up\"><\/i><\/span>\n\t\t\t\t\t\t\t\t\t\t\t\t\t<\/span>\n\t\t\t\t\t\t\t\t\t\t\t\t<a class=\"elementor-toggle-title\" tabindex=\"0\">Estilo de ense\u00f1anza<\/a>\n\t\t\t\t\t<\/div>\n\n\t\t\t\t\t<div id=\"elementor-tab-content-5242\" class=\"elementor-tab-content elementor-clearfix\" data-tab=\"2\" role=\"region\" aria-labelledby=\"elementor-tab-title-5242\"><p>Aprender un idioma extranjero es un reto que comprendo personalmente y por eso soy paciente y comprensiva en mi estilo de ense\u00f1anza. Mis clases son muy comunicativas e interactivas. Incorporan las cuatro destrezas ling\u00fc\u00edsticas: leer, escribir, hablar y escuchar. A menudo se hace hincapi\u00e9 en la expresi\u00f3n oral, ya que los alumnos suelen ser los que m\u00e1s quieren practicarla. Les corrijo la gram\u00e1tica, el vocabulario y la pronunciaci\u00f3n cuando hablan. Tambi\u00e9n puedo adaptar el \u00e9nfasis en la gram\u00e1tica a las preferencias e intereses del alumno.<\/p><\/div>\n\t\t\t\t<\/div>\n\t\t\t\t\t\t\t<div class=\"elementor-toggle-item\">\n\t\t\t\t\t<div id=\"elementor-tab-title-5243\" class=\"elementor-tab-title\" data-tab=\"3\" role=\"button\" aria-controls=\"elementor-tab-content-5243\" aria-expanded=\"false\">\n\t\t\t\t\t\t\t\t\t\t\t\t<span class=\"elementor-toggle-icon elementor-toggle-icon-left\" aria-hidden=\"true\">\n\t\t\t\t\t\t\t\t\t\t\t\t\t\t\t<span class=\"elementor-toggle-icon-closed\"><i class=\"fas fa-caret-right\"><\/i><\/span>\n\t\t\t\t\t\t\t\t<span class=\"elementor-toggle-icon-opened\"><i class=\"elementor-toggle-icon-opened fas fa-caret-up\"><\/i><\/span>\n\t\t\t\t\t\t\t\t\t\t\t\t\t<\/span>\n\t\t\t\t\t\t\t\t\t\t\t\t<a class=\"elementor-toggle-title\" tabindex=\"0\">Experiencia<\/a>\n\t\t\t\t\t<\/div>\n\n\t\t\t\t\t<div id=\"elementor-tab-content-5243\" class=\"elementor-tab-content elementor-clearfix\" data-tab=\"3\" role=\"region\" aria-labelledby=\"elementor-tab-title-5243\"><div class=\"experiences-text\"><div class=\"experiences-text-time\"><div>2021 - Presente<\/div><div>Profesor de ingl\u00e9s en l\u00ednea<\/div><div>David Teaches English, LLC<\/div><div><div>\u00a0<\/div><div class=\"experiences-text-time\">2018 - 2021<\/div><div>Profesor de ingl\u00e9s<\/div><div>ListenUp Espa\u00f1a<\/div><div>Madrid, Espa\u00f1a<\/div><div>\u00a0<\/div><\/div><\/div><\/div><div><div class=\"experiences-text-time\">2016 - 2018<\/div><div>Profesor de ingl\u00e9s<\/div><div>Academia Americana de Idiomas<\/div><div>Madrid, Espa\u00f1a<\/div><div><div>\u00a0<\/div><div class=\"experiences-text-time\">2013 - 2016<\/div><div>Asistente de lengua inglesa<\/div><div>Ministerio de Educaci\u00f3n de Espa\u00f1a<\/div><div>Madrid, Espa\u00f1a<\/div><\/div><\/div><\/div>\n\t\t\t\t<\/div>\n\t\t\t\t\t\t\t<div class=\"elementor-toggle-item\">\n\t\t\t\t\t<div id=\"elementor-tab-title-5244\" class=\"elementor-tab-title\" data-tab=\"4\" role=\"button\" aria-controls=\"elementor-tab-content-5244\" aria-expanded=\"false\">\n\t\t\t\t\t\t\t\t\t\t\t\t<span class=\"elementor-toggle-icon elementor-toggle-icon-left\" aria-hidden=\"true\">\n\t\t\t\t\t\t\t\t\t\t\t\t\t\t\t<span class=\"elementor-toggle-icon-closed\"><i class=\"fas fa-caret-right\"><\/i><\/span>\n\t\t\t\t\t\t\t\t<span class=\"elementor-toggle-icon-opened\"><i class=\"elementor-toggle-icon-opened fas fa-caret-up\"><\/i><\/span>\n\t\t\t\t\t\t\t\t\t\t\t\t\t<\/span>\n\t\t\t\t\t\t\t\t\t\t\t\t<a class=\"elementor-toggle-title\" tabindex=\"0\">Educaci\u00f3n<\/a>\n\t\t\t\t\t<\/div>\n\n\t\t\t\t\t<div id=\"elementor-tab-content-5244\" class=\"elementor-tab-content elementor-clearfix\" data-tab=\"4\" role=\"region\" aria-labelledby=\"elementor-tab-title-5244\"><div><div>Diciembre de 2015<\/div><div>Certificado de Ense\u00f1anza de Ingl\u00e9s para Adultos (CELTA)<\/div><div>Casa Internacional<\/div><div>Madrid, Espa\u00f1a<\/div><\/div><div>\u00a0<\/div><div>2014 - 2015<\/div><div>M\u00e1ster en Educaci\u00f3n Multicultural y Biling\u00fce<\/div><div>Universidad de Alcal\u00e1<\/div><div>Alcal\u00e1 de Henares, Espa\u00f1a<\/div><div>\u00a0<\/div><div><div>2005 - 2010<\/div><div>Licenciatura en Ciencias de Laboratorio Cl\u00ednico<\/div><div>Universidad de Rush<\/div><div>Chicago, Estados Unidos<\/div><\/div><\/div>\n\t\t\t\t<\/div>\n\t\t\t\t\t\t\t<div class=\"elementor-toggle-item\">\n\t\t\t\t\t<div id=\"elementor-tab-title-5245\" class=\"elementor-tab-title\" data-tab=\"5\" role=\"button\" aria-controls=\"elementor-tab-content-5245\" aria-expanded=\"false\">\n\t\t\t\t\t\t\t\t\t\t\t\t<span class=\"elementor-toggle-icon elementor-toggle-icon-left\" aria-hidden=\"true\">\n\t\t\t\t\t\t\t\t\t\t\t\t\t\t\t<span class=\"elementor-toggle-icon-closed\"><i class=\"fas fa-caret-right\"><\/i><\/span>\n\t\t\t\t\t\t\t\t<span class=\"elementor-toggle-icon-opened\"><i class=\"elementor-toggle-icon-opened fas fa-caret-up\"><\/i><\/span>\n\t\t\t\t\t\t\t\t\t\t\t\t\t<\/span>\n\t\t\t\t\t\t\t\t\t\t\t\t<a class=\"elementor-toggle-title\" tabindex=\"0\">Idiomas<\/a>\n\t\t\t\t\t<\/div>\n\n\t\t\t\t\t<div id=\"elementor-tab-content-5245\" class=\"elementor-tab-content elementor-clearfix\" data-tab=\"5\" role=\"region\" aria-labelledby=\"elementor-tab-title-5245\"><p>Ingl\u00e9s: Nativo<\/p><p>Espa\u00f1ol: DELE Nivel C1 (Avanzado)<\/p><\/div>\n\t\t\t\t<\/div>\n\t\t\t\t\t\t\t\t<\/div>\n\t\t\t\t\t\t<\/div>\n\t\t\t\t<\/div>\n\t\t\t\t\t<\/div>\n\t\t<\/div>\n\t\t\t\t\t<\/div>\n\t\t<\/section>\n\t\t\t\t<\/div>","protected":false},"excerpt":{"rendered":"<p>Resumen Trabaj\u00e9 como t\u00e9cnico de laboratorio m\u00e9dico en Estados Unidos antes de cambiar mi carrera por la ense\u00f1anza. Llevo ocho a\u00f1os ense\u00f1ando ingl\u00e9s como lengua extranjera. La ense\u00f1anza me permite conectar m\u00e1s con la gente mientras ... <a href=\"https:\/\/davidteachesenglish.es\/es\/about-me-english-teacher\/\">Seguir leyendo<\/a><\/p>","protected":false},"author":2,"featured_media":0,"parent":0,"menu_order":0,"comment_status":"closed","ping_status":"closed","template":"","meta":{"footnotes":""},"class_list":["post-557","page","type-page","status-publish","hentry"],"yoast_head":"<!-- This site is optimized with the Yoast SEO plugin v27.2 - https:\/\/yoast.com\/product\/yoast-seo-wordpress\/ -->\n<title>About Me - David Teaches English<\/title>\n<meta name=\"description\" content=\"I am an experienced and qualified online English teacher dedicated to helping adult students achieve their goals in school, work and life by providing remote education through online private English classes.\" \/>\n<meta name=\"robots\" content=\"index, follow, max-snippet:-1, max-image-preview:large, max-video-preview:-1\" \/>\n<link rel=\"canonical\" href=\"https:\/\/davidteachesenglish.es\/es\/about-me-english-teacher\/\" \/>\n<meta property=\"og:locale\" content=\"es_ES\" \/>\n<meta property=\"og:type\" content=\"article\" \/>\n<meta property=\"og:title\" content=\"About Me - David Teaches English\" \/>\n<meta property=\"og:description\" content=\"I am an experienced and qualified online English teacher dedicated to helping adult students achieve their goals in school, work and life by providing remote education through online private English classes.\" \/>\n<meta property=\"og:url\" content=\"https:\/\/davidteachesenglish.es\/es\/about-me-english-teacher\/\" \/>\n<meta property=\"og:site_name\" content=\"David Teaches English\" \/>\n<meta property=\"article:modified_time\" content=\"2025-03-03T14:45:25+00:00\" \/>\n<meta property=\"og:image\" content=\"https:\/\/davidteachesenglish.es\/wp-content\/uploads\/2021\/12\/David-Brown-copy.png\" \/>\n<meta name=\"twitter:card\" content=\"summary_large_image\" \/>\n<meta name=\"twitter:label1\" content=\"Tiempo de lectura\" \/>\n\t<meta name=\"twitter:data1\" content=\"2 minutos\" \/>\n<script type=\"application\/ld+json\" class=\"yoast-schema-graph\">{\"@context\":\"https:\/\/schema.org\",\"@graph\":[{\"@type\":\"WebPage\",\"@id\":\"https:\/\/davidteachesenglish.es\/about-me-english-teacher\/\",\"url\":\"https:\/\/davidteachesenglish.es\/about-me-english-teacher\/\",\"name\":\"About Me - David Teaches English\",\"isPartOf\":{\"@id\":\"https:\/\/davidteachesenglish.es\/#website\"},\"primaryImageOfPage\":{\"@id\":\"https:\/\/davidteachesenglish.es\/about-me-english-teacher\/#primaryimage\"},\"image\":{\"@id\":\"https:\/\/davidteachesenglish.es\/about-me-english-teacher\/#primaryimage\"},\"thumbnailUrl\":\"https:\/\/davidteachesenglish.es\/wp-content\/uploads\/2021\/12\/David-Brown-copy.png\",\"datePublished\":\"2021-12-07T20:03:16+00:00\",\"dateModified\":\"2025-03-03T14:45:25+00:00\",\"description\":\"I am an experienced and qualified online English teacher dedicated to helping adult students achieve their goals in school, work and life by providing remote education through online private English classes.\",\"breadcrumb\":{\"@id\":\"https:\/\/davidteachesenglish.es\/about-me-english-teacher\/#breadcrumb\"},\"inLanguage\":\"es\",\"potentialAction\":[{\"@type\":\"ReadAction\",\"target\":[\"https:\/\/davidteachesenglish.es\/about-me-english-teacher\/\"]}]},{\"@type\":\"ImageObject\",\"inLanguage\":\"es\",\"@id\":\"https:\/\/davidteachesenglish.es\/about-me-english-teacher\/#primaryimage\",\"url\":\"https:\/\/davidteachesenglish.es\/wp-content\/uploads\/2021\/12\/David-Brown-copy.png\",\"contentUrl\":\"https:\/\/davidteachesenglish.es\/wp-content\/uploads\/2021\/12\/David-Brown-copy.png\"},{\"@type\":\"BreadcrumbList\",\"@id\":\"https:\/\/davidteachesenglish.es\/about-me-english-teacher\/#breadcrumb\",\"itemListElement\":[{\"@type\":\"ListItem\",\"position\":1,\"name\":\"Home\",\"item\":\"https:\/\/davidteachesenglish.es\/\"},{\"@type\":\"ListItem\",\"position\":2,\"name\":\"About Me\"}]},{\"@type\":\"WebSite\",\"@id\":\"https:\/\/davidteachesenglish.es\/#website\",\"url\":\"https:\/\/davidteachesenglish.es\/\",\"name\":\"David Teaches English\",\"description\":\"Learn and improve your English online\",\"potentialAction\":[{\"@type\":\"SearchAction\",\"target\":{\"@type\":\"EntryPoint\",\"urlTemplate\":\"https:\/\/davidteachesenglish.es\/?s={search_term_string}\"},\"query-input\":{\"@type\":\"PropertyValueSpecification\",\"valueRequired\":true,\"valueName\":\"search_term_string\"}}],\"inLanguage\":\"es\"}]}<\/script>\n<!-- \/ Yoast SEO plugin. -->","yoast_head_json":{"title":"Sobre m\u00ed - David Teaches English","description":"Soy una profesora de ingl\u00e9s online experimentada y cualificada dedicada a ayudar a estudiantes adultos a alcanzar sus objetivos en la escuela, el trabajo y la vida, proporcionando educaci\u00f3n a distancia a trav\u00e9s de clases particulares de ingl\u00e9s online.","robots":{"index":"index","follow":"follow","max-snippet":"max-snippet:-1","max-image-preview":"max-image-preview:large","max-video-preview":"max-video-preview:-1"},"canonical":"https:\/\/davidteachesenglish.es\/es\/about-me-english-teacher\/","og_locale":"es_ES","og_type":"article","og_title":"About Me - David Teaches English","og_description":"I am an experienced and qualified online English teacher dedicated to helping adult students achieve their goals in school, work and life by providing remote education through online private English classes.","og_url":"https:\/\/davidteachesenglish.es\/es\/about-me-english-teacher\/","og_site_name":"David Teaches English","article_modified_time":"2025-03-03T14:45:25+00:00","og_image":[{"url":"https:\/\/davidteachesenglish.es\/wp-content\/uploads\/2021\/12\/David-Brown-copy.png","type":"","width":"","height":""}],"twitter_card":"summary_large_image","twitter_misc":{"Tiempo de lectura":"2 minutos"},"schema":{"@context":"https:\/\/schema.org","@graph":[{"@type":"WebPage","@id":"https:\/\/davidteachesenglish.es\/about-me-english-teacher\/","url":"https:\/\/davidteachesenglish.es\/about-me-english-teacher\/","name":"Sobre m\u00ed - David Teaches English","isPartOf":{"@id":"https:\/\/davidteachesenglish.es\/#website"},"primaryImageOfPage":{"@id":"https:\/\/davidteachesenglish.es\/about-me-english-teacher\/#primaryimage"},"image":{"@id":"https:\/\/davidteachesenglish.es\/about-me-english-teacher\/#primaryimage"},"thumbnailUrl":"https:\/\/davidteachesenglish.es\/wp-content\/uploads\/2021\/12\/David-Brown-copy.png","datePublished":"2021-12-07T20:03:16+00:00","dateModified":"2025-03-03T14:45:25+00:00","description":"Soy una profesora de ingl\u00e9s online experimentada y cualificada dedicada a ayudar a estudiantes adultos a alcanzar sus objetivos en la escuela, el trabajo y la vida, proporcionando educaci\u00f3n a distancia a trav\u00e9s de clases particulares de ingl\u00e9s online.","breadcrumb":{"@id":"https:\/\/davidteachesenglish.es\/about-me-english-teacher\/#breadcrumb"},"inLanguage":"es","potentialAction":[{"@type":"ReadAction","target":["https:\/\/davidteachesenglish.es\/about-me-english-teacher\/"]}]},{"@type":"ImageObject","inLanguage":"es","@id":"https:\/\/davidteachesenglish.es\/about-me-english-teacher\/#primaryimage","url":"https:\/\/davidteachesenglish.es\/wp-content\/uploads\/2021\/12\/David-Brown-copy.png","contentUrl":"https:\/\/davidteachesenglish.es\/wp-content\/uploads\/2021\/12\/David-Brown-copy.png"},{"@type":"BreadcrumbList","@id":"https:\/\/davidteachesenglish.es\/about-me-english-teacher\/#breadcrumb","itemListElement":[{"@type":"ListItem","position":1,"name":"Home","item":"https:\/\/davidteachesenglish.es\/"},{"@type":"ListItem","position":2,"name":"About Me"}]},{"@type":"WebSite","@id":"https:\/\/davidteachesenglish.es\/#website","url":"https:\/\/davidteachesenglish.es\/","name":"David ense\u00f1a ingl\u00e9s","description":"Aprenda y mejore su ingl\u00e9s en l\u00ednea","potentialAction":[{"@type":"SearchAction","target":{"@type":"EntryPoint","urlTemplate":"https:\/\/davidteachesenglish.es\/?s={search_term_string}"},"query-input":{"@type":"PropertyValueSpecification","valueRequired":true,"valueName":"search_term_string"}}],"inLanguage":"es"}]}},"_links":{"self":[{"href":"https:\/\/davidteachesenglish.es\/es\/wp-json\/wp\/v2\/pages\/557","targetHints":{"allow":["GET"]}}],"collection":[{"href":"https:\/\/davidteachesenglish.es\/es\/wp-json\/wp\/v2\/pages"}],"about":[{"href":"https:\/\/davidteachesenglish.es\/es\/wp-json\/wp\/v2\/types\/page"}],"author":[{"embeddable":true,"href":"https:\/\/davidteachesenglish.es\/es\/wp-json\/wp\/v2\/users\/2"}],"replies":[{"embeddable":true,"href":"https:\/\/davidteachesenglish.es\/es\/wp-json\/wp\/v2\/comments?post=557"}],"version-history":[{"count":5,"href":"https:\/\/davidteachesenglish.es\/es\/wp-json\/wp\/v2\/pages\/557\/revisions"}],"predecessor-version":[{"id":584,"href":"https:\/\/davidteachesenglish.es\/es\/wp-json\/wp\/v2\/pages\/557\/revisions\/584"}],"wp:attachment":[{"href":"https:\/\/davidteachesenglish.es\/es\/wp-json\/wp\/v2\/media?parent=557"}],"curies":[{"name":"wp","href":"https:\/\/api.w.org\/{rel}","templated":true}]}}