{"id":975,"date":"2022-11-03T08:41:56","date_gmt":"2022-11-03T07:41:56","guid":{"rendered":"https:\/\/davidteachesenglish.es\/?page_id=975"},"modified":"2022-11-03T08:43:17","modified_gmt":"2022-11-03T07:43:17","slug":"transfer1-2","status":"publish","type":"page","link":"https:\/\/davidteachesenglish.es\/es\/transfer1-2\/","title":{"rendered":"Transferencia bancaria"},"content":{"rendered":"<div data-elementor-type=\"wp-page\" data-elementor-id=\"975\" class=\"elementor elementor-975\" data-elementor-post-type=\"page\">\n\t\t\t\t\t\t<section class=\"elementor-section elementor-top-section elementor-element elementor-element-76da391 elementor-section-boxed elementor-section-height-default elementor-section-height-default\" data-id=\"76da391\" data-element_type=\"section\" data-e-type=\"section\">\n\t\t\t\t\t\t<div class=\"elementor-container elementor-column-gap-default\">\n\t\t\t\t\t<div class=\"elementor-column elementor-col-50 elementor-top-column elementor-element elementor-element-2382259\" data-id=\"2382259\" data-element_type=\"column\" data-e-type=\"column\">\n\t\t\t<div class=\"elementor-widget-wrap elementor-element-populated\">\n\t\t\t\t\t\t<div class=\"elementor-element elementor-element-6457774 elementor-widget elementor-widget-themo-pricing\" data-id=\"6457774\" data-element_type=\"widget\" data-e-type=\"widget\" data-widget_type=\"themo-pricing.default\">\n\t\t\t\t<div class=\"elementor-widget-container\">\n\t\t\t\t\t\n\t\t<div class=\"th-pricing-table th-one-col\">\n\n\t\t\t<div class=\"row\">\n\n\t\t\t\t\n                    \n                    <div class=\"elementor-repeater-item-e3eacde th-pricing-column col-sm-6 col-sm-offset-3\">\n\n\t                    \t\t\t\t\t\t\t<div class=\"th-pricing-title\">1 clase de ingl\u00e9s<\/div>\n\t                    \n\t                    \t                        <div class=\"th-pricing-sub-title\">Total:<\/div>\n\t                    \n\t                    \t                        <div class=\"th-pricing-cost\">\n\t                            $40<span><\/span>\n\t                        <\/div>\n\t                    \n\t                    \t\t\t\t\t\t\t<div class=\"th-pricing-features\">\n\t\t\t\t\t\t\t\t<ul>\n\t\t\t\t\t\t\t\t\t<li>40\u20ac<\/li>\n<li>Clase de 60 minutos<\/li>\t\t\t\t\t\t\t\t<\/ul>\n\t\t\t\t\t\t\t<\/div>\n\t                    \n\n                        \n                        <div class=\"th-btn-wrap\">\n\t\t\t\t\t\t\t                        <\/div>\n\n\t\t\t\t\t<\/div>\n\n\t\t\t\t\n\t\t\t<\/div>\n\n\t\t<\/div>\n\n\t\t\t\t\t\t<\/div>\n\t\t\t\t<\/div>\n\t\t\t\t\t<\/div>\n\t\t<\/div>\n\t\t\t\t<div class=\"elementor-column elementor-col-50 elementor-top-column elementor-element elementor-element-9b1d9e1\" data-id=\"9b1d9e1\" data-element_type=\"column\" data-e-type=\"column\">\n\t\t\t<div class=\"elementor-widget-wrap elementor-element-populated\">\n\t\t\t\t\t\t<div class=\"elementor-element elementor-element-f31329e elementor-widget elementor-widget-accordion\" data-id=\"f31329e\" data-element_type=\"widget\" data-e-type=\"widget\" data-widget_type=\"accordion.default\">\n\t\t\t\t<div class=\"elementor-widget-container\">\n\t\t\t\t\t\t\t<div class=\"elementor-accordion\">\n\t\t\t\t\t\t\t<div class=\"elementor-accordion-item\">\n\t\t\t\t\t<div id=\"elementor-tab-title-2541\" class=\"elementor-tab-title\" data-tab=\"1\" role=\"button\" aria-controls=\"elementor-tab-content-2541\" aria-expanded=\"false\">\n\t\t\t\t\t\t\t\t\t\t\t\t\t<span class=\"elementor-accordion-icon elementor-accordion-icon-left\" aria-hidden=\"true\">\n\t\t\t\t\t\t\t\t\t\t\t\t\t\t\t<span class=\"elementor-accordion-icon-closed\"><i class=\"fas fa-plus\"><\/i><\/span>\n\t\t\t\t\t\t\t\t<span class=\"elementor-accordion-icon-opened\"><i class=\"fas fa-minus\"><\/i><\/span>\n\t\t\t\t\t\t\t\t\t\t\t\t\t\t<\/span>\n\t\t\t\t\t\t\t\t\t\t\t\t<a class=\"elementor-accordion-title\" tabindex=\"0\">Pago por transferencia bancaria directa (dentro de Espa\u00f1a)<\/a>\n\t\t\t\t\t<\/div>\n\t\t\t\t\t<div id=\"elementor-tab-content-2541\" class=\"elementor-tab-content elementor-clearfix\" data-tab=\"1\" role=\"region\" aria-labelledby=\"elementor-tab-title-2541\"><p>Titular de la cuenta: David Brown<\/p><p>IBAN: ES39 0073 0100 5406 4175 8644<\/p><\/div>\n\t\t\t\t<\/div>\n\t\t\t\t\t\t\t<div class=\"elementor-accordion-item\">\n\t\t\t\t\t<div id=\"elementor-tab-title-2542\" class=\"elementor-tab-title\" data-tab=\"2\" role=\"button\" aria-controls=\"elementor-tab-content-2542\" aria-expanded=\"false\">\n\t\t\t\t\t\t\t\t\t\t\t\t\t<span class=\"elementor-accordion-icon elementor-accordion-icon-left\" aria-hidden=\"true\">\n\t\t\t\t\t\t\t\t\t\t\t\t\t\t\t<span class=\"elementor-accordion-icon-closed\"><i class=\"fas fa-plus\"><\/i><\/span>\n\t\t\t\t\t\t\t\t<span class=\"elementor-accordion-icon-opened\"><i class=\"fas fa-minus\"><\/i><\/span>\n\t\t\t\t\t\t\t\t\t\t\t\t\t\t<\/span>\n\t\t\t\t\t\t\t\t\t\t\t\t<a class=\"elementor-accordion-title\" tabindex=\"0\">Pago por transferencia bancaria directa (dentro de la UE - no Espa\u00f1a)<\/a>\n\t\t\t\t\t<\/div>\n\t\t\t\t\t<div id=\"elementor-tab-content-2542\" class=\"elementor-tab-content elementor-clearfix\" data-tab=\"2\" role=\"region\" aria-labelledby=\"elementor-tab-title-2542\"><p>Titular de la cuenta: David Teaches English LLC<\/p><p>IBAN: BE23 9672 4028 1591<\/p><\/div>\n\t\t\t\t<\/div>\n\t\t\t\t\t\t\t<div class=\"elementor-accordion-item\">\n\t\t\t\t\t<div id=\"elementor-tab-title-2543\" class=\"elementor-tab-title\" data-tab=\"3\" role=\"button\" aria-controls=\"elementor-tab-content-2543\" aria-expanded=\"false\">\n\t\t\t\t\t\t\t\t\t\t\t\t\t<span class=\"elementor-accordion-icon elementor-accordion-icon-left\" aria-hidden=\"true\">\n\t\t\t\t\t\t\t\t\t\t\t\t\t\t\t<span class=\"elementor-accordion-icon-closed\"><i class=\"fas fa-plus\"><\/i><\/span>\n\t\t\t\t\t\t\t\t<span class=\"elementor-accordion-icon-opened\"><i class=\"fas fa-minus\"><\/i><\/span>\n\t\t\t\t\t\t\t\t\t\t\t\t\t\t<\/span>\n\t\t\t\t\t\t\t\t\t\t\t\t<a class=\"elementor-accordion-title\" tabindex=\"0\">Pago por transferencia bancaria directa (dentro de EE.UU.)<\/a>\n\t\t\t\t\t<\/div>\n\t\t\t\t\t<div id=\"elementor-tab-content-2543\" class=\"elementor-tab-content elementor-clearfix\" data-tab=\"3\" role=\"region\" aria-labelledby=\"elementor-tab-title-2543\"><p>Titular de la cuenta: David Teaches English LLC<\/p><p>N\u00famero de ruta: 084009519<\/p><p>N\u00famero de cuenta: 9600001582190948<\/p><\/div>\n\t\t\t\t<\/div>\n\t\t\t\t\t\t\t\t<\/div>\n\t\t\t\t\t\t<\/div>\n\t\t\t\t<\/div>\n\t\t\t\t\t<\/div>\n\t\t<\/div>\n\t\t\t\t\t<\/div>\n\t\t<\/section>\n\t\t\t\t<\/div>","protected":false},"excerpt":{"rendered":"<p>1 English Class Total: $40 40\u20ac 60 minute class Pay by direct bank transfer (within Spain)\u200b Account Holder: David Brown IBAN:\u00a0ES39 0073 0100 5406 4175 8644 Pay by direct bank transfer (within the EU &#8211; not Spain)\u200b Account Holder: David &hellip; <a href=\"https:\/\/davidteachesenglish.es\/es\/transfer1-2\/\">Seguir leyendo<\/a><\/p>","protected":false},"author":2,"featured_media":0,"parent":0,"menu_order":0,"comment_status":"closed","ping_status":"closed","template":"","meta":{"footnotes":""},"class_list":["post-975","page","type-page","status-publish","hentry"],"yoast_head":"<!-- This site is optimized with the Yoast SEO plugin v27.2 - https:\/\/yoast.com\/product\/yoast-seo-wordpress\/ -->\n<title>Bank Transfer - David Teaches English<\/title>\n<meta name=\"robots\" content=\"index, follow, max-snippet:-1, max-image-preview:large, max-video-preview:-1\" \/>\n<link rel=\"canonical\" href=\"https:\/\/davidteachesenglish.es\/es\/transfer1-2\/\" \/>\n<meta property=\"og:locale\" content=\"es_ES\" \/>\n<meta property=\"og:type\" content=\"article\" \/>\n<meta property=\"og:title\" content=\"Bank Transfer - David Teaches English\" \/>\n<meta property=\"og:description\" content=\"1 English Class Total: $40 40\u20ac 60 minute class Pay by direct bank transfer (within Spain)\u200b Account Holder: David Brown IBAN:\u00a0ES39 0073 0100 5406 4175 8644 Pay by direct bank transfer (within the EU &#8211; not Spain)\u200b Account Holder: David &hellip; Read More\" \/>\n<meta property=\"og:url\" content=\"https:\/\/davidteachesenglish.es\/es\/transfer1-2\/\" \/>\n<meta property=\"og:site_name\" content=\"David Teaches English\" \/>\n<meta property=\"article:modified_time\" content=\"2022-11-03T07:43:17+00:00\" \/>\n<meta name=\"twitter:card\" content=\"summary_large_image\" \/>\n<meta name=\"twitter:label1\" content=\"Tiempo de lectura\" \/>\n\t<meta name=\"twitter:data1\" content=\"1 minuto\" \/>\n<script type=\"application\/ld+json\" class=\"yoast-schema-graph\">{\"@context\":\"https:\/\/schema.org\",\"@graph\":[{\"@type\":\"WebPage\",\"@id\":\"https:\/\/davidteachesenglish.es\/transfer1-2\/\",\"url\":\"https:\/\/davidteachesenglish.es\/transfer1-2\/\",\"name\":\"Bank Transfer - David Teaches English\",\"isPartOf\":{\"@id\":\"https:\/\/davidteachesenglish.es\/#website\"},\"datePublished\":\"2022-11-03T07:41:56+00:00\",\"dateModified\":\"2022-11-03T07:43:17+00:00\",\"breadcrumb\":{\"@id\":\"https:\/\/davidteachesenglish.es\/transfer1-2\/#breadcrumb\"},\"inLanguage\":\"es\",\"potentialAction\":[{\"@type\":\"ReadAction\",\"target\":[\"https:\/\/davidteachesenglish.es\/transfer1-2\/\"]}]},{\"@type\":\"BreadcrumbList\",\"@id\":\"https:\/\/davidteachesenglish.es\/transfer1-2\/#breadcrumb\",\"itemListElement\":[{\"@type\":\"ListItem\",\"position\":1,\"name\":\"Home\",\"item\":\"https:\/\/davidteachesenglish.es\/\"},{\"@type\":\"ListItem\",\"position\":2,\"name\":\"Bank Transfer\"}]},{\"@type\":\"WebSite\",\"@id\":\"https:\/\/davidteachesenglish.es\/#website\",\"url\":\"https:\/\/davidteachesenglish.es\/\",\"name\":\"David Teaches English\",\"description\":\"Learn and improve your English online\",\"potentialAction\":[{\"@type\":\"SearchAction\",\"target\":{\"@type\":\"EntryPoint\",\"urlTemplate\":\"https:\/\/davidteachesenglish.es\/?s={search_term_string}\"},\"query-input\":{\"@type\":\"PropertyValueSpecification\",\"valueRequired\":true,\"valueName\":\"search_term_string\"}}],\"inLanguage\":\"es\"}]}<\/script>\n<!-- \/ Yoast SEO plugin. -->","yoast_head_json":{"title":"Bank Transfer - David Teaches English","robots":{"index":"index","follow":"follow","max-snippet":"max-snippet:-1","max-image-preview":"max-image-preview:large","max-video-preview":"max-video-preview:-1"},"canonical":"https:\/\/davidteachesenglish.es\/es\/transfer1-2\/","og_locale":"es_ES","og_type":"article","og_title":"Bank Transfer - David Teaches English","og_description":"1 English Class Total: $40 40\u20ac 60 minute class Pay by direct bank transfer (within Spain)\u200b Account Holder: David Brown IBAN:\u00a0ES39 0073 0100 5406 4175 8644 Pay by direct bank transfer (within the EU &#8211; not Spain)\u200b Account Holder: David &hellip; Read More","og_url":"https:\/\/davidteachesenglish.es\/es\/transfer1-2\/","og_site_name":"David Teaches English","article_modified_time":"2022-11-03T07:43:17+00:00","twitter_card":"summary_large_image","twitter_misc":{"Tiempo de lectura":"1 minuto"},"schema":{"@context":"https:\/\/schema.org","@graph":[{"@type":"WebPage","@id":"https:\/\/davidteachesenglish.es\/transfer1-2\/","url":"https:\/\/davidteachesenglish.es\/transfer1-2\/","name":"Bank Transfer - David Teaches English","isPartOf":{"@id":"https:\/\/davidteachesenglish.es\/#website"},"datePublished":"2022-11-03T07:41:56+00:00","dateModified":"2022-11-03T07:43:17+00:00","breadcrumb":{"@id":"https:\/\/davidteachesenglish.es\/transfer1-2\/#breadcrumb"},"inLanguage":"es","potentialAction":[{"@type":"ReadAction","target":["https:\/\/davidteachesenglish.es\/transfer1-2\/"]}]},{"@type":"BreadcrumbList","@id":"https:\/\/davidteachesenglish.es\/transfer1-2\/#breadcrumb","itemListElement":[{"@type":"ListItem","position":1,"name":"Home","item":"https:\/\/davidteachesenglish.es\/"},{"@type":"ListItem","position":2,"name":"Bank Transfer"}]},{"@type":"WebSite","@id":"https:\/\/davidteachesenglish.es\/#website","url":"https:\/\/davidteachesenglish.es\/","name":"David ense\u00f1a ingl\u00e9s","description":"Aprenda y mejore su ingl\u00e9s en l\u00ednea","potentialAction":[{"@type":"SearchAction","target":{"@type":"EntryPoint","urlTemplate":"https:\/\/davidteachesenglish.es\/?s={search_term_string}"},"query-input":{"@type":"PropertyValueSpecification","valueRequired":true,"valueName":"search_term_string"}}],"inLanguage":"es"}]}},"_links":{"self":[{"href":"https:\/\/davidteachesenglish.es\/es\/wp-json\/wp\/v2\/pages\/975","targetHints":{"allow":["GET"]}}],"collection":[{"href":"https:\/\/davidteachesenglish.es\/es\/wp-json\/wp\/v2\/pages"}],"about":[{"href":"https:\/\/davidteachesenglish.es\/es\/wp-json\/wp\/v2\/types\/page"}],"author":[{"embeddable":true,"href":"https:\/\/davidteachesenglish.es\/es\/wp-json\/wp\/v2\/users\/2"}],"replies":[{"embeddable":true,"href":"https:\/\/davidteachesenglish.es\/es\/wp-json\/wp\/v2\/comments?post=975"}],"version-history":[{"count":3,"href":"https:\/\/davidteachesenglish.es\/es\/wp-json\/wp\/v2\/pages\/975\/revisions"}],"predecessor-version":[{"id":978,"href":"https:\/\/davidteachesenglish.es\/es\/wp-json\/wp\/v2\/pages\/975\/revisions\/978"}],"wp:attachment":[{"href":"https:\/\/davidteachesenglish.es\/es\/wp-json\/wp\/v2\/media?parent=975"}],"curies":[{"name":"wp","href":"https:\/\/api.w.org\/{rel}","templated":true}]}}